{"id":567,"date":"2015-11-04T15:11:14","date_gmt":"2015-11-04T14:11:14","guid":{"rendered":"http:\/\/paquette.ca\/?page_id=567"},"modified":"2024-08-16T13:13:29","modified_gmt":"2024-08-16T17:13:29","slug":"bailiffs-report","status":"publish","type":"page","link":"https:\/\/paquette.ca\/en\/services\/lawyers-notaries-and-public-agencies\/bailiffs-report\/","title":{"rendered":"Bailiffs&#8217; Report"},"content":{"rendered":"<div class=\"wpb-content-wrapper\"><p>[vc_row full_width=&#8221;stretch_row_content_no_spaces&#8221; el_class=&#8221;grey-row&#8221;][vc_column][vc_row_inner el_class=&#8221;container&#8221;][vc_column_inner][vc_column_text]<\/p>\n<h1>Bailiffs&#8217; Report<\/h1>\n<p>PAQUETTE provides exemplary reporting services. Unfortunately still largely unknown, this service is clearly beneficial as it can have a positive effect and has the potential to quickly put an end to a conflict situation, sometimes even before proceedings are initiated. Reports are a powerful tool. Impartiality and experience mean that our bailiffs can deliver reports that accurately ascertain the facts. A bailiff\u2019s report has a lot of weight in legal proceedings and can make a strong impact.<\/p>\n<p>Note that the new Code of Civil Procedure likens a bailiff\u2019s report to an expert\u2019s appraisal.[\/vc_column_text][\/vc_column_inner][\/vc_row_inner][\/vc_column][\/vc_row][vc_row][vc_column][vc_tta_accordion active_section=&#8221;1&#8243; el_class=&#8221;blue-border team-accordeon&#8221;][vc_tta_section title=&#8221;Reports (examples)&#8221; tab_id=&#8221;1446049754414-e73a65ec-9305&#8243;][vc_column_text]Condominium:<\/p>\n<ul>\n<li>Proceedings of an annual or extraordinary assembly<\/li>\n<li>Verification of work underway or required<\/li>\n<\/ul>\n<p>R\u00e9gie du logement<\/p>\n<ul>\n<li>State of the premises<\/li>\n<li>Noise or insalubrity<\/li>\n<li>Presence of animals<\/li>\n<li>Lack of heating in winter<\/li>\n<\/ul>\n<p>Insurance:<\/p>\n<ul>\n<li>Water damage<\/li>\n<li>State of the premises following damages<\/li>\n<\/ul>\n<p>Family and matrimonial\u00a0law:<\/p>\n<ul>\n<li>Recovery of personal property from the marital home by an ex-spouse<\/li>\n<li>Exchange of custody, to make sure everything goes smoothly<\/li>\n<li>Change in child custody entrusting the child to a third party<\/li>\n<li>Inventory of goods constituting the family patrimony<\/li>\n<\/ul>\n<p>Succession:<\/p>\n<ul>\n<li>Inventory of the deceased\u2019s goods<\/li>\n<li>Opening of a safe-deposit box with the parties\u2019 consent<\/li>\n<\/ul>\n<p>Commercial:<\/p>\n<ul>\n<li>Take-back of commercial space when tenant is in default (state of the premises, inventory, and changing of the locks)<\/li>\n<li>Presence or absence of a registered trademark, product with a protected designation or counterfeit product at a store<\/li>\n<li>Proceedings of a shareholder meeting<\/li>\n<li>Noise and sound nuisance from an adjacent business<\/li>\n<\/ul>\n<p>Taxation:<\/p>\n<ul>\n<li>Inventory of high-value items belonging to a debtor (jewellery, gold coins, wine collection, paintings and works of art, etc.)<\/li>\n<\/ul>\n<p>[\/vc_column_text][\/vc_tta_section][vc_tta_section title=&#8221;Web report &#8221; tab_id=&#8221;1446049754544-0c807410-4250&#8243;][vc_column_text]With rapidly emerging information technology and the abundance of activity on social media, web reports now provide solid evidence in conflict situations online. Of course, reports have to be produced as part of an emergency strategy, given the volatile nature of information found on the web. PAQUETTE offers web reporting services, particularly in cases involving equipment malfunctions, data theft, false advertising and non-compliant websites, as well as reputational damage and unfair competition. Gathering credible evidence through a web report is an undeniable advantage to help you restore the situation. PAQUETTE places its most \u201cconnected\u201d specialists at your disposal.[\/vc_column_text][\/vc_tta_section][vc_tta_section title=&#8221;Appraisal\/Liquidation &#8221; tab_id=&#8221;1446049809067-ccd42901-1cc8&#8243;][vc_column_text]<strong>Appraisal<br \/>\n<\/strong>We put the skills and experience of assessors subject to the highest standards and the most stringent rules to work for you. Their professionalism is your assurance of certified value.<br \/>\nOur bailiffs assigned to appraisals are trained and certified by the Association qu\u00e9b\u00e9coise des \u00e9valuateurs sp\u00e9cialis\u00e9s en biens r\u00e9els et personnels r\u00e9els et mobiliers (AQEBRPRM).<\/p>\n<p><strong>Liquidation<br \/>\n<\/strong>PAQUETTE has also developed an approach mainly using calls for tenders and private sales, thereby maximizing revenues and minimizing costs to our clients.[\/vc_column_text][\/vc_tta_section][vc_tta_section title=&#8221;Inventory&#8221; tab_id=&#8221;1446049833105-cdd76688-7711&#8243;][vc_column_text]<\/p>\n<p>PAQUETTE offers inventory services. Once the inventory is complete, our bailiffs submit a comprehensive, precise report signed under the oath of office. This service gives you a concrete advantage when publishing rights, renewing a claim or realizing on rights.<\/p>\n<p>[\/vc_column_text][\/vc_tta_section][\/vc_tta_accordion][\/vc_column][\/vc_row]<\/p>\n<\/div>","protected":false},"excerpt":{"rendered":"<p>[vc_row full_width=&#8221;stretch_row_content_no_spaces&#8221; el_class=&#8221;grey-row&#8221;][vc_column][vc_row_inner el_class=&#8221;container&#8221;][vc_column_inner][vc_column_text] Bailiffs&#8217; Report PAQUETTE provides exemplary reporting services. Unfortunately still largely unknown, this service is clearly beneficial as it can have a positive effect and has the potential to quickly put an end to a conflict situation, sometimes even before proceedings are initiated. Reports are a powerful tool. Impartiality and experience mean [&hellip;]<\/p>\n","protected":false},"author":1,"featured_media":0,"parent":556,"menu_order":3,"comment_status":"closed","ping_status":"closed","template":"","meta":{"_acf_changed":false,"footnotes":""},"class_list":["post-567","page","type-page","status-publish","hentry","cf"],"acf":{"base_color":"#6a90a4","background":false,"texte":""},"_links":{"self":[{"href":"https:\/\/paquette.ca\/en\/wp-json\/wp\/v2\/pages\/567","targetHints":{"allow":["GET"]}}],"collection":[{"href":"https:\/\/paquette.ca\/en\/wp-json\/wp\/v2\/pages"}],"about":[{"href":"https:\/\/paquette.ca\/en\/wp-json\/wp\/v2\/types\/page"}],"author":[{"embeddable":true,"href":"https:\/\/paquette.ca\/en\/wp-json\/wp\/v2\/users\/1"}],"replies":[{"embeddable":true,"href":"https:\/\/paquette.ca\/en\/wp-json\/wp\/v2\/comments?post=567"}],"version-history":[{"count":1,"href":"https:\/\/paquette.ca\/en\/wp-json\/wp\/v2\/pages\/567\/revisions"}],"predecessor-version":[{"id":13325,"href":"https:\/\/paquette.ca\/en\/wp-json\/wp\/v2\/pages\/567\/revisions\/13325"}],"up":[{"embeddable":true,"href":"https:\/\/paquette.ca\/en\/wp-json\/wp\/v2\/pages\/556"}],"wp:attachment":[{"href":"https:\/\/paquette.ca\/en\/wp-json\/wp\/v2\/media?parent=567"}],"curies":[{"name":"wp","href":"https:\/\/api.w.org\/{rel}","templated":true}]}}