{"id":615,"date":"2015-11-04T16:10:49","date_gmt":"2015-11-04T15:10:49","guid":{"rendered":"http:\/\/paquette.ca\/?page_id=615"},"modified":"2015-11-09T14:59:16","modified_gmt":"2015-11-09T19:59:16","slug":"traditional-services","status":"publish","type":"page","link":"https:\/\/paquette.ca\/en\/services\/financial-institutions-and-businesses\/traditional-services\/","title":{"rendered":"Traditional Services"},"content":{"rendered":"<div class=\"wpb-content-wrapper\"><p>[vc_row full_width=&#8221;stretch_row_content_no_spaces&#8221; el_class=&#8221;grey-row&#8221;][vc_column][vc_row_inner el_class=&#8221;container&#8221;][vc_column_inner][vc_column_text]<\/p>\n<h1>Traditional Services<\/h1>\n<p>PAQUETTE is Quebec\u2019s leading bailiff firm. Our success can without question be attributed to our large team known for their expertise, discipline, and professionalism. Our bailiffs and highly skilled customer care officers provide faultless service to financial institutions and businesses in line with their business practices. When you entrust us with your mandates, you come out on top: best possible quality of the work done, quick turnaround, and lower fees!<\/p>\n<p>Year in and year out, PAQUETTE serves and executes around 360,000 legal documents and judgments. Our team can confidently handle a very high volume of requests in a short period of time. With unremitting productivity we work 24\/7 over a vast area: more than 300 municipalities in the Greater Montreal area and all judicial districts in Quebec through our network of correspondents.<\/p>\n<p>We also created a department dedicated to service requests in Canada, the United States and around the world. Our experienced staff is there for you, anywhere in the world.[\/vc_column_text][\/vc_column_inner][\/vc_row_inner][\/vc_column][\/vc_row][vc_row][vc_column][vc_tta_accordion active_section=&#8221;1&#8243; el_class=&#8221;blue-border team-accordeon&#8221;][vc_tta_section title=&#8221;Positive impact of service by a bailiff&#8221; tab_id=&#8221;1446053650427-f02b2e37-27b5&#8243;][vc_column_text]PAQUETTE provides highly professional notification services to financial institutions and businesses at very affordable rates. Our bailiffs officially bring your legal document to the attention of the person concerned, such as a notice, payment request, recourse or any other procedure to be submitted to the courts. <strong>Having a bailiff complete this task rather than rely on registered mail certainly has a positive impact<\/strong>. <strong>\u00a0<\/strong>Also, by entrusting this task to our bailiffs, you get tangible proof that your document was served on the right person. An added guarantee that contributes to the settlement of your court case.<\/p>\n<p>PAQUETTE has the best team to serve your documents.[\/vc_column_text][\/vc_tta_section][vc_tta_section title=&#8221;Effective execution of a judgment in your favour &#8221; tab_id=&#8221;1446053650554-6e97f61b-4006&#8243;][vc_column_text]PAQUETTE can provide you with meticulous support to execute a judgment rendered in your favour. For example, we can assist you in the garnishment of wages, seizure of movable and immovable property, or execution of an eviction order.<\/p>\n<p>We have a seasoned team of client care officers who stay in close, professional contact with you throughout the legal process. In addition, our experienced bailiffs have a proven track record demonstrating their ability to successfully fulfill your needs regarding execution of a judgment. This pairing of high-level skills reflects our commitment to quality!<\/p>\n<p>Note that <strong>in Quebec, only a bailiff can execute a court judgment <\/strong>and help you obtain reparation if the debtor refuses to abide by the ruling rendered against them. Do not hesitate to get in touch with us. We can make things easier for you![\/vc_column_text][\/vc_tta_section][vc_tta_section title=&#8221;Benefits of a bailiff\u2019s report &#8221; tab_id=&#8221;1446053904086-fd16f870-a5c0&#8243;][vc_column_text]There are clear benefits to this service, including contributing to quickly putting an end to a conflict situation before proceedings are even launched. For example, a bailiff\u2019s report may be required to establish the state of premises or the state of financed assets, verify work, etc.<\/p>\n<p><strong>Web report<\/strong><\/p>\n<p>With rapidly emerging information technology and the abundance of activity on social media, web reports now provide solid evidence in conflict situations online. PAQUETTE offers web reporting services, particularly in cases involving equipment malfunctions, data theft, false advertising and non-compliant websites, as well as slander, reputational damage and unfair competition.<\/p>\n<p>Impartiality and experience mean that our bailiffs can deliver reports that accurately present the facts. <strong>As part of proceedings, a bailiff\u2019s report provides powerful, compelling evidence<\/strong>.[\/vc_column_text][\/vc_tta_section][vc_tta_section title=&#8221;Appraisal and inventory &#8221; tab_id=&#8221;1446053927522-d2a60042-6250&#8243;][vc_column_text]We put the skills and experience of assessors subject to the highest standards and the most stringent rules to work for you. Their professionalism is your assurance of certified value.<\/p>\n<p>Our bailiffs assigned to appraisals are trained and certified by the Association qu\u00e9b\u00e9coise des \u00e9valuateurs sp\u00e9cialis\u00e9s en biens r\u00e9els et personnels\u00a0 r\u00e9els et mobiliers (AQEBRPRM).<\/p>\n<p>PAQUETTE also offers inventory services. Once the inventory is complete, our bailiffs submit a comprehensive, precise report signed under the oath of office. This service gives you a concrete advantage when publishing rights, renewing a claim or realizing on rights.[\/vc_column_text][\/vc_tta_section][\/vc_tta_accordion][\/vc_column][\/vc_row]<\/p>\n<\/div>","protected":false},"excerpt":{"rendered":"<p>[vc_row full_width=&#8221;stretch_row_content_no_spaces&#8221; el_class=&#8221;grey-row&#8221;][vc_column][vc_row_inner el_class=&#8221;container&#8221;][vc_column_inner][vc_column_text] Traditional Services PAQUETTE is Quebec\u2019s leading bailiff firm. Our success can without question be attributed to our large team known for their expertise, discipline, and professionalism. Our bailiffs and highly skilled customer care officers provide faultless service to financial institutions and businesses in line with their business practices. When you entrust [&hellip;]<\/p>\n","protected":false},"author":1,"featured_media":0,"parent":600,"menu_order":4,"comment_status":"closed","ping_status":"closed","template":"","meta":{"_acf_changed":false,"footnotes":""},"class_list":["post-615","page","type-page","status-publish","hentry","cf"],"acf":{"background":false,"texte":"","base_color":"#699a3d"},"_links":{"self":[{"href":"https:\/\/paquette.ca\/en\/wp-json\/wp\/v2\/pages\/615","targetHints":{"allow":["GET"]}}],"collection":[{"href":"https:\/\/paquette.ca\/en\/wp-json\/wp\/v2\/pages"}],"about":[{"href":"https:\/\/paquette.ca\/en\/wp-json\/wp\/v2\/types\/page"}],"author":[{"embeddable":true,"href":"https:\/\/paquette.ca\/en\/wp-json\/wp\/v2\/users\/1"}],"replies":[{"embeddable":true,"href":"https:\/\/paquette.ca\/en\/wp-json\/wp\/v2\/comments?post=615"}],"version-history":[{"count":0,"href":"https:\/\/paquette.ca\/en\/wp-json\/wp\/v2\/pages\/615\/revisions"}],"up":[{"embeddable":true,"href":"https:\/\/paquette.ca\/en\/wp-json\/wp\/v2\/pages\/600"}],"wp:attachment":[{"href":"https:\/\/paquette.ca\/en\/wp-json\/wp\/v2\/media?parent=615"}],"curies":[{"name":"wp","href":"https:\/\/api.w.org\/{rel}","templated":true}]}}